{"id":3,"date":"2024-08-18T08:30:09","date_gmt":"2024-08-18T08:30:09","guid":{"rendered":"http:\/\/www.philippboecker.de\/?page_id=3"},"modified":"2024-09-24T12:03:49","modified_gmt":"2024-09-24T12:03:49","slug":"privacy-policy","status":"publish","type":"page","link":"https:\/\/www.philippboecker.de\/?page_id=3","title":{"rendered":"Impressum"},"content":{"rendered":"\n<p><strong>Kontakt<\/strong><\/p>\n\n\n\n<p>Philipp B\u00f6cker<br>Solferinoweg 20B<br>70565 Stuttgart<\/p>\n\n\n\n<p>Telefon: +49 177 2390628<br>E-Mail: contact@philippboecker.de<\/p>\n\n\n\n<p><strong>Umsatzsteuer-Identifikationsnummer gem\u00e4\u00df \u00a7 27a UStG<\/strong><\/p>\n\n\n\n<p>DE368929237<\/p>\n\n\n\n<p><strong>Redaktionell verantwortlich<\/strong><\/p>\n\n\n\n<p>Philipp B\u00f6cker<br>Solferinoweg 20B<br>70565 Stuttgart<\/p>\n\n\n\n<p><strong>EU-Streitschlichtung<\/strong><\/p>\n\n\n\n<p>Die Europ\u00e4ische Kommission stellt eine Plattform zur Online-Streitbeilegung (OS) bereit:<br>https:\/\/ec.europa.eu\/consumers\/odr\/.<br>Unsere E-Mail-Adresse finden Sie oben im Impressum.<\/p>\n\n\n\n<p><strong>Verbraucherstreitbeilegung\/ Universalschlichtungsstelle<\/strong><\/p>\n\n\n\n<p>Wir sind nicht bereit oder verpflichtet, an Streitbeilegungsverfahren vor einer<br>Verbraucherschlichtungsstelle teilzunehmen.<\/p>\n\n\n\n<p><strong>Zentrale Kontaktstelle nach dem Digital Services Act &#8211; DSA<br>(Verordnung (EU) 2022\/265)<\/strong><\/p>\n\n\n\n<p>Unsere zentrale Kontaktstelle f\u00fcr Nutzer und Beh\u00f6rden nach Art. 11, 12 DSA erreichen Sie wie folgt:<br>E-Mail: ph.boecker@yahoo.de<br>Telefon: +49 177 2390628<br>Die f\u00fcr den Kontakt zur Verf\u00fcgung stehenden Sprachen sind: Deutsch, Englisch.<\/p>\n\n\n\n<p>Quelle:<br>https:\/\/www.e-recht24.de\/impressum-generator.htm<\/p>\n","protected":false},"excerpt":{"rendered":"<p>Kontakt Philipp B\u00f6ckerSolferinoweg 20B70565 Stuttgart Telefon: +49 177 2390628E-Mail: contact@philippboecker.de Umsatzsteuer-Identifikationsnummer gem\u00e4\u00df \u00a7 27a UStG DE368929237 Redaktionell verantwortlich Philipp B\u00f6ckerSolferinoweg 20B70565 Stuttgart EU-Streitschlichtung Die Europ\u00e4ische Kommission stellt eine Plattform zur Online-Streitbeilegung (OS) bereit:https:\/\/ec.europa.eu\/consumers\/odr\/.Unsere E-Mail-Adresse finden Sie oben im Impressum. Verbraucherstreitbeilegung\/ Universalschlichtungsstelle Wir sind nicht bereit oder verpflichtet, an Streitbeilegungsverfahren vor einerVerbraucherschlichtungsstelle teilzunehmen. Zentrale Kontaktstelle nach [&hellip;]<\/p>\n","protected":false},"author":1,"featured_media":0,"parent":261,"menu_order":2,"comment_status":"closed","ping_status":"open","template":"","meta":{"footnotes":""},"class_list":["post-3","page","type-page","status-publish","hentry"],"_links":{"self":[{"href":"https:\/\/www.philippboecker.de\/index.php?rest_route=\/wp\/v2\/pages\/3","targetHints":{"allow":["GET"]}}],"collection":[{"href":"https:\/\/www.philippboecker.de\/index.php?rest_route=\/wp\/v2\/pages"}],"about":[{"href":"https:\/\/www.philippboecker.de\/index.php?rest_route=\/wp\/v2\/types\/page"}],"author":[{"embeddable":true,"href":"https:\/\/www.philippboecker.de\/index.php?rest_route=\/wp\/v2\/users\/1"}],"replies":[{"embeddable":true,"href":"https:\/\/www.philippboecker.de\/index.php?rest_route=%2Fwp%2Fv2%2Fcomments&post=3"}],"version-history":[{"count":8,"href":"https:\/\/www.philippboecker.de\/index.php?rest_route=\/wp\/v2\/pages\/3\/revisions"}],"predecessor-version":[{"id":117,"href":"https:\/\/www.philippboecker.de\/index.php?rest_route=\/wp\/v2\/pages\/3\/revisions\/117"}],"up":[{"embeddable":true,"href":"https:\/\/www.philippboecker.de\/index.php?rest_route=\/wp\/v2\/pages\/261"}],"wp:attachment":[{"href":"https:\/\/www.philippboecker.de\/index.php?rest_route=%2Fwp%2Fv2%2Fmedia&parent=3"}],"curies":[{"name":"wp","href":"https:\/\/api.w.org\/{rel}","templated":true}]}}